{"id":2038,"date":"2024-02-28T00:26:39","date_gmt":"2024-02-27T23:26:39","guid":{"rendered":"https:\/\/smartour-riviera.com\/paseos-en-barco\/"},"modified":"2026-01-08T14:59:55","modified_gmt":"2026-01-08T13:59:55","slug":"paseos-en-barco","status":"publish","type":"page","link":"https:\/\/smartour-riviera.com\/es\/paseos-en-barco\/","title":{"rendered":"Excursi\u00f3n al mar"},"content":{"rendered":"<p>[et_pb_section fb_built=\u00bb1&#8243; _builder_version=\u00bb4.23.1&#8243; _module_preset=\u00bbdefault\u00bb custom_margin=\u00bb2em||||false|false\u00bb global_colors_info=\u00bb{}\u00bb][et_pb_row use_custom_gutter=\u00bbon\u00bb gutter_width=\u00bb1&#8243; admin_label=\u00bbL\u00ednea\u00bb _builder_version=\u00bb4.23.1&#8243; _module_preset=\u00bbdefault\u00bb global_colors_info=\u00bb{}\u00bb][et_pb_column type=\u00bb4_4&#8243; _builder_version=\u00bb4.23.1&#8243; _module_preset=\u00bbdefault\u00bb global_colors_info=\u00bb{}\u00bb][et_pb_text admin_label=\u00bbExcursion en mer\u00bb _builder_version=\u00bb4.23.1&#8243; _dynamic_attributes=\u00bbcontent\u00bb _module_preset=\u00bbdefault\u00bb header_font_size=\u00bb32px\u00bb global_colors_info=\u00bb{}\u00bb]@ET-DC@eyJkeW5hbWljIjp0cnVlLCJjb250ZW50IjoicG9zdF90aXRsZSIsInNldHRpbmdzIjp7ImJlZm9yZSI6IjxoMT4iLCJhZnRlciI6IjxcL2gxPiJ9fQ==@[\/et_pb_text][et_pb_text admin_label=\u00bbTexte\u00bb _builder_version=\u00bb4.23.1&#8243; _module_preset=\u00bbdefault\u00bb global_colors_info=\u00bb{}\u00bb]<\/p>\n<h2 data-start=\"125\" data-end=\"180\"><strong data-start=\"128\" data-end=\"180\">Descubra la Riviera Francesa como nunca antes<\/strong><\/h2>\n<p data-start=\"182\" data-end=\"505\">Emb\u00e1rcate en una experiencia mar\u00edtima inolvidable y d\u00e9jate cautivar por la legendaria belleza de la Riviera Francesa. Ya sea que desees disfrutar de un momento \u00edntimo y elegante o compartir una agradable salida en grupo, te ofrecemos dos servicios excepcionales, dise\u00f1ados para satisfacer todas tus necesidades de escapada. <\/p>\n<h3 data-start=\"507\" data-end=\"552\"><strong data-start=\"511\" data-end=\"552\">\ud83d\udea4 Tour en Yate \u2013 Hasta 8 pasajeros<\/strong><\/h3>\n<p data-start=\"553\" data-end=\"953\">Disfrute de una experiencia privada y refinada a bordo de nuestro yate, ideal para una salida exclusiva en familia, con amigos o en pareja. Con su elegante dise\u00f1o, confort de alta gama y espacios perfectamente equipados, ofrece una experiencia de navegaci\u00f3n tranquila y lujosa. Perfecto para descubrir calas escondidas, admirar el paisaje costero o disfrutar de una tranquila puesta de sol.<\/p>\n<h3 data-start=\"955\" data-end=\"1006\"><strong data-start=\"959\" data-end=\"1006\">\u26f5\ufe0fTour en Catamar\u00e1n \u2013 Hasta 19 pasajeros<\/strong><\/h3>\n<p data-start=\"1007\" data-end=\"1377\">\u00bfBuscas una experiencia agradable y aventurera? Sube a bordo de nuestro espacioso y estable catamar\u00e1n, con capacidad para hasta 19 pasajeros. Es la opci\u00f3n perfecta para grupos, eventos especiales, salidas de empresa o fiestas con amigos. Disfruta de un crucero c\u00f3modo, amplios espacios para tomar el sol y vistas impresionantes durante toda tu excursi\u00f3n.  <\/p>\n<hr data-start=\"1379\" data-end=\"1382\">\n<p data-start=\"1007\" data-end=\"1377\">\n<h2 data-start=\"125\" data-end=\"180\"><strong data-start=\"128\" data-end=\"180\">\u00bfLa Riviera Francesa vista desde el mar?<\/strong><\/h2>\n<ul data-start=\"1430\" data-end=\"1617\">\n<li data-start=\"1472\" data-end=\"1512\">\n<p data-start=\"1474\" data-end=\"1512\">Una tripulaci\u00f3n profesional y atenta<\/p>\n<\/li>\n<li data-start=\"1472\" data-end=\"1512\">\n<p data-start=\"1474\" data-end=\"1512\">Confort \u00f3ptimo y seguridad garantizada<\/p>\n<\/li>\n<li data-start=\"1513\" data-end=\"1562\">\n<p data-start=\"1515\" data-end=\"1562\">Itinerarios personalizables seg\u00fan tus preferencias<\/p>\n<\/li>\n<li data-start=\"1563\" data-end=\"1617\">\n<p data-start=\"1565\" data-end=\"1617\">Un ambiente \u00fanico, que combina lujo, relajaci\u00f3n y descubrimiento.<\/p>\n<\/li>\n<\/ul>\n<p>&nbsp;<\/p>\n<p>[\/et_pb_text][et_pb_slider admin_label=\u00bbLe Proxima\u00bb _builder_version=\u00bb4.23.1&#8243; _module_preset=\u00bbdefault\u00bb background_image=\u00bbhttps:\/\/smartour-riviera.com\/wp-content\/uploads\/2025\/12\/Design-sans-titre-2.png\u00bb min_height=\u00bb575.1px\u00bb custom_padding=\u00bb104px|||||\u00bb global_colors_info=\u00bb{}\u00bb][et_pb_slide heading=\u00bbNuestros barcos\u00bb _builder_version=\u00bb4.23.1&#8243; _module_preset=\u00bbdefault\u00bb global_colors_info=\u00bb{}\u00bb sticky_transition=\u00bbon\u00bb]<\/p>\n<p>Catamar\u00e1n y yate espacioso y confortable.<\/p>\n<p>[\/et_pb_slide][\/et_pb_slider][\/et_pb_column][\/et_pb_row][et_pb_row use_custom_gutter=\u00bbon\u00bb gutter_width=\u00bb1&#8243; admin_label=\u00bbL\u00ednea\u00bb _builder_version=\u00bb4.23.1&#8243; _module_preset=\u00bbdefault\u00bb global_colors_info=\u00bb{}\u00bb][et_pb_column type=\u00bb4_4&#8243; _builder_version=\u00bb4.23.1&#8243; _module_preset=\u00bbdefault\u00bb global_colors_info=\u00bb{}\u00bb][et_pb_text admin_label=\u00bbTexte\u00bb _builder_version=\u00bb4.23.1&#8243; _module_preset=\u00bbdefault\u00bb global_colors_info=\u00bb{}\u00bb]<\/p>\n<h2 data-start=\"125\" data-end=\"180\"><span>Smartour Riviera \u2014 Viaja con estilo <\/span><\/h2>\n<p data-start=\"553\" data-end=\"953\">\n<h3 data-start=\"955\" data-end=\"1006\"><strong data-start=\"959\" data-end=\"1006\"><span>Disfruta, visita y descubre la Riviera Francesa de una manera diferente<\/span><\/strong><\/h3>\n<hr data-start=\"1379\" data-end=\"1382\">\n<p data-start=\"160\" data-end=\"205\">\n<ul data-start=\"1430\" data-end=\"1617\">\n<li style=\"list-style-type: none;\">\n<ul>\n<li data-start=\"206\" data-end=\"258\">\n<p data-start=\"208\" data-end=\"258\"><strong data-start=\"208\" data-end=\"256\">Experimente la autenticidad del Mediterr\u00e1neo<\/strong><\/p>\n<\/li>\n<li data-start=\"206\" data-end=\"258\">\n<p data-start=\"208\" data-end=\"258\"><strong data-start=\"208\" data-end=\"256\">Explora sus calas y paisajes secretos<\/strong><\/p>\n<\/li>\n<li data-start=\"259\" data-end=\"311\">\n<p data-start=\"261\" data-end=\"311\"><strong data-start=\"261\" data-end=\"309\">Disfrute de una experiencia de navegaci\u00f3n privada y elegante<\/strong><span style=\"font-size: 14px;\"> <\/span><\/p>\n<\/li>\n<\/ul>\n<\/li>\n<\/ul>\n<p>[\/et_pb_text][et_pb_slider admin_label=\u00bbLe Proxima\u00bb _builder_version=\u00bb4.23.1&#8243; _module_preset=\u00bbdefault\u00bb min_height=\u00bb633.1px\u00bb custom_margin=\u00bb1px|||||\u00bb custom_padding=\u00bb168px|||||\u00bb global_colors_info=\u00bb{}\u00bb][et_pb_slide heading=\u00bbLe Proxima \u00bb _builder_version=\u00bb4.23.1&#8243; _module_preset=\u00bbdefault\u00bb background_enable_color=\u00bboff\u00bb background_image=\u00bbhttps:\/\/smartour-riviera.com\/wp-content\/uploads\/2024\/03\/image-1.jpeg\u00bb background_enable_image=\u00bbon\u00bb global_colors_info=\u00bb{}\u00bb sticky_transition=\u00bbon\u00bb]<\/p>\n<p>Con capacidad para alojar hasta 8 personas, yate espacioso y confortable.<\/p>\n<p>[\/et_pb_slide][\/et_pb_slider][\/et_pb_column][\/et_pb_row][et_pb_row _builder_version=\u00bb4.23.1&#8243; _module_preset=\u00bbdefault\u00bb global_colors_info=\u00bb{}\u00bb][et_pb_column type=\u00bb4_4&#8243; _builder_version=\u00bb4.23.1&#8243; _module_preset=\u00bbdefault\u00bb global_colors_info=\u00bb{}\u00bb][et_pb_slider admin_label=\u00bbDiapo\u00bb _builder_version=\u00bb4.23.1&#8243; _module_preset=\u00bbdefault\u00bb min_height=\u00bb569.1px\u00bb custom_padding=\u00bb181px|||||\u00bb global_colors_info=\u00bb{}\u00bb][et_pb_slide heading=\u00bbL&apos;Humauaca\u00bb _builder_version=\u00bb4.23.1&#8243; _module_preset=\u00bbdefault\u00bb background_image=\u00bbhttps:\/\/smartour-riviera.com\/wp-content\/uploads\/2025\/08\/miss-cata-gallery-2-2.jpeg\u00bb background_enable_image=\u00bbon\u00bb global_colors_info=\u00bb{}\u00bb sticky_transition=\u00bbon\u00bb]<\/p>\n<h2><\/h2>\n<p>Catamar\u00e1n espacioso y confortable para tus eventos<\/p>\n<p>[\/et_pb_slide][\/et_pb_slider][\/et_pb_column][\/et_pb_row][et_pb_row _builder_version=\u00bb4.23.1&#8243; _module_preset=\u00bbdefault\u00bb custom_margin=\u00bb||4em||false|false\u00bb custom_padding=\u00bb1px|||||\u00bb global_colors_info=\u00bb{}\u00bb][et_pb_column type=\u00bb4_4&#8243; _builder_version=\u00bb4.23.1&#8243; _module_preset=\u00bbdefault\u00bb global_colors_info=\u00bb{}\u00bb][et_pb_button button_url=\u00bb@ET-DC@eyJkeW5hbWljIjp0cnVlLCJjb250ZW50IjoicG9zdF9saW5rX3VybF9wYWdlIiwic2V0dGluZ3MiOnsicG9zdF9pZCI6IjMwIn19@\u00bb button_text=\u00bbObtener mi cotizaci\u00f3n\u00bb button_alignment=\u00bbcenter\u00bb _builder_version=\u00bb4.23.1&#8243; _dynamic_attributes=\u00bbbutton_url\u00bb _module_preset=\u00bbdefault\u00bb custom_button=\u00bbon\u00bb button_text_size=\u00bb15px\u00bb button_text_color=\u00bb#003c61&#8243; button_font=\u00bb|700|||||||\u00bb button_icon=\u00bb&#x45;||divi||400&#8243; button_on_hover=\u00bboff\u00bb custom_padding=\u00bb|3em||2em|false|false\u00bb global_colors_info=\u00bb{}\u00bb][\/et_pb_button][\/et_pb_column][\/et_pb_row][\/et_pb_section][et_pb_section fb_built=\u00bb1&#8243; _builder_version=\u00bb4.23.1&#8243; _module_preset=\u00bbdefault\u00bb background_color=\u00bb#003c61&#8243; custom_padding=\u00bb4em||4em||true|false\u00bb global_colors_info=\u00bb{}\u00bb][et_pb_row _builder_version=\u00bb4.23.1&#8243; _module_preset=\u00bbdefault\u00bb global_colors_info=\u00bb{}\u00bb][et_pb_column type=\u00bb4_4&#8243; _builder_version=\u00bb4.23.1&#8243; _module_preset=\u00bbdefault\u00bb global_colors_info=\u00bb{}\u00bb][et_pb_text _builder_version=\u00bb4.23.1&#8243; _module_preset=\u00bbdefault\u00bb header_2_text_color=\u00bb#FFFFFF\u00bb header_2_font_size=\u00bb35px\u00bb global_colors_info=\u00bb{}\u00bb]<\/p>\n<h2>Tours ofrecidos<\/h2>\n<p>[\/et_pb_text][\/et_pb_column][\/et_pb_row][\/et_pb_section][et_pb_section fb_built=\u00bb1&#8243; admin_label=\u00bbSection\u00bb _builder_version=\u00bb4.23.1&#8243; _module_preset=\u00bbdefault\u00bb background_enable_color=\u00bboff\u00bb custom_padding=\u00bb4em||4em||true|false\u00bb global_colors_info=\u00bb{}\u00bb][et_pb_row _builder_version=\u00bb4.23.1&#8243; _module_preset=\u00bbdefault\u00bb global_colors_info=\u00bb{}\u00bb][et_pb_column type=\u00bb4_4&#8243; _builder_version=\u00bb4.23.1&#8243; _module_preset=\u00bbdefault\u00bb global_colors_info=\u00bb{}\u00bb][et_pb_button button_url=\u00bb@ET-DC@eyJkeW5hbWljIjp0cnVlLCJjb250ZW50IjoicG9zdF9saW5rX3VybF9wYWdlIiwic2V0dGluZ3MiOnsicG9zdF9pZCI6IjMwIn19@\u00bb button_text=\u00bbObtener mi cotizaci\u00f3n\u00bb button_alignment=\u00bbcenter\u00bb admin_label=\u00bbBouton\u00bb _builder_version=\u00bb4.23.1&#8243; _dynamic_attributes=\u00bbbutton_url\u00bb _module_preset=\u00bbdefault\u00bb custom_button=\u00bbon\u00bb button_text_size=\u00bb15px\u00bb button_text_color=\u00bb#003c61&#8243; button_font=\u00bb|700|||||||\u00bb button_icon=\u00bb&#x45;||divi||400&#8243; button_on_hover=\u00bboff\u00bb custom_padding=\u00bb|3em||2em|false|false\u00bb global_colors_info=\u00bb{}\u00bb][\/et_pb_button][\/et_pb_column][\/et_pb_row][\/et_pb_section]<\/p>\n","protected":false},"excerpt":{"rendered":"<p>Descubra la Riviera Francesa como nunca antes Emb\u00e1rcate en una experiencia mar\u00edtima inolvidable y d\u00e9jate cautivar por la legendaria belleza de la Riviera Francesa. Ya sea que desees disfrutar de un momento \u00edntimo y elegante o compartir una agradable salida en grupo, te ofrecemos dos servicios excepcionales, dise\u00f1ados para satisfacer todas tus necesidades de escapada. [&hellip;]<\/p>\n","protected":false},"author":2,"featured_media":0,"parent":0,"menu_order":0,"comment_status":"closed","ping_status":"closed","template":"","meta":{"_acf_changed":false,"_et_pb_use_builder":"on","_et_pb_old_content":"","_et_gb_content_width":"","footnotes":""},"class_list":["post-2038","page","type-page","status-publish","hentry"],"acf":[],"yoast_head":"<!-- This site is optimized with the Yoast SEO plugin v23.8 - https:\/\/yoast.com\/wordpress\/plugins\/seo\/ -->\n<title>Excursi\u00f3n al mar - Smartour Riviera<\/title>\n<meta name=\"robots\" content=\"index, follow, max-snippet:-1, max-image-preview:large, max-video-preview:-1\" \/>\n<link rel=\"canonical\" href=\"https:\/\/smartour-riviera.com\/es\/paseos-en-barco\/\" \/>\n<meta property=\"og:locale\" content=\"es_ES\" \/>\n<meta property=\"og:type\" content=\"article\" \/>\n<meta property=\"og:title\" content=\"Excursi\u00f3n al mar - Smartour Riviera\" \/>\n<meta property=\"og:description\" content=\"Descubra la Riviera Francesa como nunca antes Emb\u00e1rcate en una experiencia mar\u00edtima inolvidable y d\u00e9jate cautivar por la legendaria belleza de la Riviera Francesa. Ya sea que desees disfrutar de un momento \u00edntimo y elegante o compartir una agradable salida en grupo, te ofrecemos dos servicios excepcionales, dise\u00f1ados para satisfacer todas tus necesidades de escapada. [&hellip;]\" \/>\n<meta property=\"og:url\" content=\"https:\/\/smartour-riviera.com\/es\/paseos-en-barco\/\" \/>\n<meta property=\"og:site_name\" content=\"Smartour Riviera\" \/>\n<meta property=\"article:modified_time\" content=\"2026-01-08T13:59:55+00:00\" \/>\n<meta name=\"twitter:card\" content=\"summary_large_image\" \/>\n<meta name=\"twitter:label1\" content=\"Tiempo de lectura\" \/>\n\t<meta name=\"twitter:data1\" content=\"5 minutos\" \/>\n<script type=\"application\/ld+json\" class=\"yoast-schema-graph\">{\"@context\":\"https:\/\/schema.org\",\"@graph\":[{\"@type\":\"WebPage\",\"@id\":\"https:\/\/smartour-riviera.com\/es\/paseos-en-barco\/\",\"url\":\"https:\/\/smartour-riviera.com\/es\/paseos-en-barco\/\",\"name\":\"Excursi\u00f3n al mar - Smartour Riviera\",\"isPartOf\":{\"@id\":\"https:\/\/smartour-riviera.com\/#website\"},\"datePublished\":\"2024-02-27T23:26:39+00:00\",\"dateModified\":\"2026-01-08T13:59:55+00:00\",\"breadcrumb\":{\"@id\":\"https:\/\/smartour-riviera.com\/es\/paseos-en-barco\/#breadcrumb\"},\"inLanguage\":\"es\",\"potentialAction\":[{\"@type\":\"ReadAction\",\"target\":[\"https:\/\/smartour-riviera.com\/es\/paseos-en-barco\/\"]}]},{\"@type\":\"BreadcrumbList\",\"@id\":\"https:\/\/smartour-riviera.com\/es\/paseos-en-barco\/#breadcrumb\",\"itemListElement\":[{\"@type\":\"ListItem\",\"position\":1,\"name\":\"Accueil\",\"item\":\"https:\/\/smartour-riviera.com\/es\/bienvenida\/\"},{\"@type\":\"ListItem\",\"position\":2,\"name\":\"Excursi\u00f3n al mar\"}]},{\"@type\":\"WebSite\",\"@id\":\"https:\/\/smartour-riviera.com\/#website\",\"url\":\"https:\/\/smartour-riviera.com\/\",\"name\":\"Smartour Riviera\",\"description\":\"Smartour Riviera\",\"publisher\":{\"@id\":\"https:\/\/smartour-riviera.com\/#organization\"},\"potentialAction\":[{\"@type\":\"SearchAction\",\"target\":{\"@type\":\"EntryPoint\",\"urlTemplate\":\"https:\/\/smartour-riviera.com\/?s={search_term_string}\"},\"query-input\":{\"@type\":\"PropertyValueSpecification\",\"valueRequired\":true,\"valueName\":\"search_term_string\"}}],\"inLanguage\":\"es\"},{\"@type\":\"Organization\",\"@id\":\"https:\/\/smartour-riviera.com\/#organization\",\"name\":\"Smartour Riviera\",\"url\":\"https:\/\/smartour-riviera.com\/\",\"logo\":{\"@type\":\"ImageObject\",\"inLanguage\":\"es\",\"@id\":\"https:\/\/smartour-riviera.com\/#\/schema\/logo\/image\/\",\"url\":\"https:\/\/smartour-riviera.com\/wp-content\/uploads\/2024\/02\/logo-bleu.png\",\"contentUrl\":\"https:\/\/smartour-riviera.com\/wp-content\/uploads\/2024\/02\/logo-bleu.png\",\"width\":892,\"height\":251,\"caption\":\"Smartour Riviera\"},\"image\":{\"@id\":\"https:\/\/smartour-riviera.com\/#\/schema\/logo\/image\/\"}}]}<\/script>\n<!-- \/ Yoast SEO plugin. -->","yoast_head_json":{"title":"Excursi\u00f3n al mar - Smartour Riviera","robots":{"index":"index","follow":"follow","max-snippet":"max-snippet:-1","max-image-preview":"max-image-preview:large","max-video-preview":"max-video-preview:-1"},"canonical":"https:\/\/smartour-riviera.com\/es\/paseos-en-barco\/","og_locale":"es_ES","og_type":"article","og_title":"Excursi\u00f3n al mar - Smartour Riviera","og_description":"Descubra la Riviera Francesa como nunca antes Emb\u00e1rcate en una experiencia mar\u00edtima inolvidable y d\u00e9jate cautivar por la legendaria belleza de la Riviera Francesa. Ya sea que desees disfrutar de un momento \u00edntimo y elegante o compartir una agradable salida en grupo, te ofrecemos dos servicios excepcionales, dise\u00f1ados para satisfacer todas tus necesidades de escapada. [&hellip;]","og_url":"https:\/\/smartour-riviera.com\/es\/paseos-en-barco\/","og_site_name":"Smartour Riviera","article_modified_time":"2026-01-08T13:59:55+00:00","twitter_card":"summary_large_image","twitter_misc":{"Tiempo de lectura":"5 minutos"},"schema":{"@context":"https:\/\/schema.org","@graph":[{"@type":"WebPage","@id":"https:\/\/smartour-riviera.com\/es\/paseos-en-barco\/","url":"https:\/\/smartour-riviera.com\/es\/paseos-en-barco\/","name":"Excursi\u00f3n al mar - Smartour Riviera","isPartOf":{"@id":"https:\/\/smartour-riviera.com\/#website"},"datePublished":"2024-02-27T23:26:39+00:00","dateModified":"2026-01-08T13:59:55+00:00","breadcrumb":{"@id":"https:\/\/smartour-riviera.com\/es\/paseos-en-barco\/#breadcrumb"},"inLanguage":"es","potentialAction":[{"@type":"ReadAction","target":["https:\/\/smartour-riviera.com\/es\/paseos-en-barco\/"]}]},{"@type":"BreadcrumbList","@id":"https:\/\/smartour-riviera.com\/es\/paseos-en-barco\/#breadcrumb","itemListElement":[{"@type":"ListItem","position":1,"name":"Accueil","item":"https:\/\/smartour-riviera.com\/es\/bienvenida\/"},{"@type":"ListItem","position":2,"name":"Excursi\u00f3n al mar"}]},{"@type":"WebSite","@id":"https:\/\/smartour-riviera.com\/#website","url":"https:\/\/smartour-riviera.com\/","name":"Smartour Riviera","description":"Smartour Riviera","publisher":{"@id":"https:\/\/smartour-riviera.com\/#organization"},"potentialAction":[{"@type":"SearchAction","target":{"@type":"EntryPoint","urlTemplate":"https:\/\/smartour-riviera.com\/?s={search_term_string}"},"query-input":{"@type":"PropertyValueSpecification","valueRequired":true,"valueName":"search_term_string"}}],"inLanguage":"es"},{"@type":"Organization","@id":"https:\/\/smartour-riviera.com\/#organization","name":"Smartour Riviera","url":"https:\/\/smartour-riviera.com\/","logo":{"@type":"ImageObject","inLanguage":"es","@id":"https:\/\/smartour-riviera.com\/#\/schema\/logo\/image\/","url":"https:\/\/smartour-riviera.com\/wp-content\/uploads\/2024\/02\/logo-bleu.png","contentUrl":"https:\/\/smartour-riviera.com\/wp-content\/uploads\/2024\/02\/logo-bleu.png","width":892,"height":251,"caption":"Smartour Riviera"},"image":{"@id":"https:\/\/smartour-riviera.com\/#\/schema\/logo\/image\/"}}]}},"_links":{"self":[{"href":"https:\/\/smartour-riviera.com\/es\/wp-json\/wp\/v2\/pages\/2038","targetHints":{"allow":["GET"]}}],"collection":[{"href":"https:\/\/smartour-riviera.com\/es\/wp-json\/wp\/v2\/pages"}],"about":[{"href":"https:\/\/smartour-riviera.com\/es\/wp-json\/wp\/v2\/types\/page"}],"author":[{"embeddable":true,"href":"https:\/\/smartour-riviera.com\/es\/wp-json\/wp\/v2\/users\/2"}],"replies":[{"embeddable":true,"href":"https:\/\/smartour-riviera.com\/es\/wp-json\/wp\/v2\/comments?post=2038"}],"version-history":[{"count":5,"href":"https:\/\/smartour-riviera.com\/es\/wp-json\/wp\/v2\/pages\/2038\/revisions"}],"predecessor-version":[{"id":2466,"href":"https:\/\/smartour-riviera.com\/es\/wp-json\/wp\/v2\/pages\/2038\/revisions\/2466"}],"wp:attachment":[{"href":"https:\/\/smartour-riviera.com\/es\/wp-json\/wp\/v2\/media?parent=2038"}],"curies":[{"name":"wp","href":"https:\/\/api.w.org\/{rel}","templated":true}]}}