{"id":2013,"date":"2024-03-05T19:20:51","date_gmt":"2024-03-05T18:20:51","guid":{"rendered":"https:\/\/smartour-riviera.com\/minibus\/"},"modified":"2026-01-08T14:47:55","modified_gmt":"2026-01-08T13:47:55","slug":"minibus","status":"publish","type":"page","link":"https:\/\/smartour-riviera.com\/es\/minibus\/","title":{"rendered":"Minibus"},"content":{"rendered":"<p>[et_pb_section fb_built=\u00bb1&#8243; _builder_version=\u00bb4.23.1&#8243; _module_preset=\u00bbdefault\u00bb global_colors_info=\u00bb{}\u00bb][et_pb_row _builder_version=\u00bb4.23.1&#8243; _module_preset=\u00bbdefault\u00bb global_colors_info=\u00bb{}\u00bb][et_pb_column type=\u00bb4_4&#8243; _builder_version=\u00bb4.23.1&#8243; _module_preset=\u00bbdefault\u00bb global_colors_info=\u00bb{}\u00bb][et_pb_text _builder_version=\u00bb4.23.1&#8243; _module_preset=\u00bbdefault\u00bb text_text_color=\u00bb#FFFFFF\u00bb header_3_text_color=\u00bb#FFFFFF\u00bb background_color=\u00bb#003c61&#8243; background_layout=\u00bbdark\u00bb custom_padding=\u00bb1em|1em|0.5em|1em|false|true\u00bb global_colors_info=\u00bb{}\u00bb]<\/p>\n<h1 style=\"text-align: center;\">Minib\u00fas Mercedes Sprinter &#8211; 19 plazas<\/h1>\n<p>[\/et_pb_text][\/et_pb_column][\/et_pb_row][et_pb_row column_structure=\u00bb1_2,1_2&#8243; _builder_version=\u00bb4.23.1&#8243; _module_preset=\u00bbdefault\u00bb custom_padding=\u00bb1px||4em||false|false\u00bb global_colors_info=\u00bb{}\u00bb][et_pb_column type=\u00bb1_2&#8243; _builder_version=\u00bb4.23.1&#8243; _module_preset=\u00bbdefault\u00bb global_colors_info=\u00bb{}\u00bb][et_pb_image src=\u00bbhttps:\/\/smartour-riviera.com\/wp-content\/uploads\/2024\/02\/Capture-decran-2024-02-22-a-00.52.18.png\u00bb title_text=\u00bbCapture d\u2019e\u0301cran 2024-02-22 a\u0300 00.52.18&#8243; admin_label=\u00bbImage\u00bb _builder_version=\u00bb4.23.1&#8243; _module_preset=\u00bbdefault\u00bb global_colors_info=\u00bb{}\u00bb][\/et_pb_image][et_pb_text _builder_version=\u00bb4.23.1&#8243; _module_preset=\u00bbdefault\u00bb global_colors_info=\u00bb{}\u00bb]<\/p>\n<p style=\"text-align: center;\"><img loading=\"lazy\" decoding=\"async\" class=\"wp-image-302 alignnone size-medium\" src=\"https:\/\/smartour-riviera.com\/wp-content\/uploads\/2024\/02\/siegecuir.png\" alt=\"\" width=\"58\" height=\"58\" srcset=\"https:\/\/smartour-riviera.com\/wp-content\/uploads\/2024\/02\/siegecuir.png 258w, https:\/\/smartour-riviera.com\/wp-content\/uploads\/2024\/02\/siegecuir-150x150.png 150w\" sizes=\"auto, (max-width: 58px) 100vw, 58px\" \/> <img loading=\"lazy\" decoding=\"async\" class=\"wp-image-296 alignnone size-full\" src=\"https:\/\/smartour-riviera.com\/wp-content\/uploads\/2024\/02\/clim.png\" alt=\"\" width=\"56\" height=\"56\" srcset=\"https:\/\/smartour-riviera.com\/wp-content\/uploads\/2024\/02\/clim.png 258w, https:\/\/smartour-riviera.com\/wp-content\/uploads\/2024\/02\/clim-150x150.png 150w\" sizes=\"auto, (max-width: 56px) 100vw, 56px\" \/> <img loading=\"lazy\" decoding=\"async\" class=\"wp-image-300 alignnone size-medium\" src=\"https:\/\/smartour-riviera.com\/wp-content\/uploads\/2024\/02\/micro.png\" alt=\"\" width=\"57\" height=\"57\" srcset=\"https:\/\/smartour-riviera.com\/wp-content\/uploads\/2024\/02\/micro.png 258w, https:\/\/smartour-riviera.com\/wp-content\/uploads\/2024\/02\/micro-150x150.png 150w\" sizes=\"auto, (max-width: 57px) 100vw, 57px\" \/> <img loading=\"lazy\" decoding=\"async\" class=\"wp-image-298 alignnone size-medium\" src=\"https:\/\/smartour-riviera.com\/wp-content\/uploads\/2024\/02\/fridge.png\" alt=\"\" width=\"56\" height=\"56\" srcset=\"https:\/\/smartour-riviera.com\/wp-content\/uploads\/2024\/02\/fridge.png 258w, https:\/\/smartour-riviera.com\/wp-content\/uploads\/2024\/02\/fridge-150x150.png 150w\" sizes=\"auto, (max-width: 56px) 100vw, 56px\" \/> <img loading=\"lazy\" decoding=\"async\" class=\"wp-image-304 alignnone size-medium\" src=\"https:\/\/smartour-riviera.com\/wp-content\/uploads\/2024\/02\/wifi.png\" alt=\"\" width=\"56\" height=\"56\" srcset=\"https:\/\/smartour-riviera.com\/wp-content\/uploads\/2024\/02\/wifi.png 258w, https:\/\/smartour-riviera.com\/wp-content\/uploads\/2024\/02\/wifi-150x150.png 150w\" sizes=\"auto, (max-width: 56px) 100vw, 56px\" \/><\/p>\n<p>[\/et_pb_text][\/et_pb_column][et_pb_column type=\u00bb1_2&#8243; _builder_version=\u00bb4.23.1&#8243; _module_preset=\u00bbdefault\u00bb global_colors_info=\u00bb{}\u00bb][et_pb_image src=\u00bbhttps:\/\/smartour-riviera.com\/wp-content\/uploads\/2024\/10\/logo-mix.png\u00bb title_text=\u00bblogo-mix\u00bb align=\u00bbcenter\u00bb _builder_version=\u00bb4.23.1&#8243; _module_preset=\u00bbdefault\u00bb background_color=\u00bb#000000&#8243; max_width=\u00bb15em\u00bb custom_padding=\u00bb1em|2em|1em|2em|true|true\u00bb custom_css_main_element=\u00bbborder-radius:20px\u00bb global_colors_info=\u00bb{}\u00bb][\/et_pb_image][et_pb_text _builder_version=\u00bb4.23.1&#8243; _module_preset=\u00bbdefault\u00bb text_line_height=\u00bb1.5em\u00bb header_4_font_size=\u00bb22px\u00bb header_4_line_height=\u00bb1.4em\u00bb global_colors_info=\u00bb{}\u00bb]<\/p>\n<h4>\u00danico en la regi\u00f3n<\/h4>\n<p>Ideal para tus <strong>eventos corporativos<\/strong>, <strong>congresos<\/strong>, <strong>incentivos<\/strong> y <strong> team building&#8230;<\/strong><\/p>\n<p>\u00a1Pero tambi\u00e9n para <strong> familias numerosas,<\/strong> vuestras bodas y <strong> todos vuestros deseos<\/strong> de viaje!<\/p>\n<p><strong>Podr\u00e1s elegir tener un gu\u00eda y seleccionar el idioma que m\u00e1s te convenga para descubrir la regi\u00f3n desde una nueva perspectiva. <\/strong><\/p>\n<p>Podr\u00e1s elegir tener un <strong>gu\u00eda<\/strong> y seleccionar el idioma que m\u00e1s te convenga para descubrir la regi\u00f3n desde una nueva perspectiva.<\/p>\n<p>[\/et_pb_text][et_pb_button button_url=\u00bbhttps:\/\/riviera-minibus-service.com\/#contact\u00bb button_text=\u00bbCont\u00e1ctenos\u00bb button_alignment=\u00bbcenter\u00bb _builder_version=\u00bb4.23.1&#8243; _module_preset=\u00bbdefault\u00bb custom_button=\u00bbon\u00bb button_text_size=\u00bb18px\u00bb button_text_color=\u00bb#FFFFFF\u00bb button_bg_color=\u00bb#003c61&#8243; button_border_radius=\u00bb8px\u00bb button_font=\u00bb|700|||||||\u00bb button_icon=\u00bb&#x45;||divi||400&#8243; button_on_hover=\u00bboff\u00bb global_colors_info=\u00bb{}\u00bb][\/et_pb_button][\/et_pb_column][\/et_pb_row][et_pb_row column_structure=\u00bb1_2,1_2&#8243; _builder_version=\u00bb4.23.1&#8243; _module_preset=\u00bbdefault\u00bb custom_padding=\u00bb1px||3em||false|false\u00bb global_colors_info=\u00bb{}\u00bb][et_pb_column type=\u00bb1_2&#8243; _builder_version=\u00bb4.23.1&#8243; _module_preset=\u00bbdefault\u00bb global_colors_info=\u00bb{}\u00bb][et_pb_image src=\u00bbhttps:\/\/smartour-riviera.com\/wp-content\/uploads\/2024\/03\/aeroport-nice.jpeg\u00bb title_text=\u00bbAvi\u00f3n aterrizando en el aeropuerto de Niza Francia reflejado en la terminal\u00bb force_fullwidth=\u00bbon\u00bb _builder_version=\u00bb4.23.1&#8243; _module_preset=\u00bbdefault\u00bb max_height=\u00bb15em\u00bb custom_css_free_form=\u00bbimg {object-fit:cover !important;}\u00bb global_colors_info=\u00bb{}\u00bb][\/et_pb_image][et_pb_text admin_label=\u00bbTexte\u00bb _builder_version=\u00bb4.23.1&#8243; _module_preset=\u00bbdefault\u00bb text_line_height=\u00bb1.5em\u00bb header_4_font_size=\u00bb22px\u00bb header_4_line_height=\u00bb1.4em\u00bb global_colors_info=\u00bb{}\u00bb]<\/p>\n<h4>Desde tu llegada hasta tu salida<\/h4>\n<p>Disfruta de la comodidad de nuestro Minib\u00fas Mercedes Sprinter desde tu llegada hasta tu salida y en todos tus <strong>traslados<\/strong>.<\/p>\n<p>Muchos lugares de encuentro son posibles: su <strong>hotel<\/strong>, el <strong>aeropuerto de Niza Costa Azul<\/strong>, la <strong>estaci\u00f3n de tren de Nice Ville<\/strong>, los distintos <strong>puertos del departamento&#8230;.<\/strong><\/p>\n<p>No dude en ponerse en contacto con nuestros equipos para todas sus solicitudes de traslado.<\/p>\n<p>[\/et_pb_text][\/et_pb_column][et_pb_column type=\u00bb1_2&#8243; _builder_version=\u00bb4.23.1&#8243; _module_preset=\u00bbdefault\u00bb global_colors_info=\u00bb{}\u00bb][et_pb_image src=\u00bbhttps:\/\/smartour-riviera.com\/wp-content\/uploads\/2024\/03\/1646235021-1.jpg\u00bb title_text=\u00bbBarcos de crucero,en,una,laguna,de,Villefranche,por,Niza,,Francia\u00bb force_fullwidth=\u00bbon\u00bb _builder_version=\u00bb4.23.1&#8243; _module_preset=\u00bbdefault\u00bb max_height=\u00bb15em\u00bb custom_css_free_form=\u00bbimg {object-fit:cover !important;}\u00bb global_colors_info=\u00bb{}\u00bb][\/et_pb_image][et_pb_text admin_label=\u00bbTexte\u00bb _builder_version=\u00bb4.23.1&#8243; _module_preset=\u00bbdefault\u00bb text_line_height=\u00bb1.5em\u00bb header_4_font_size=\u00bb22px\u00bb header_4_line_height=\u00bb1.4em\u00bb global_colors_info=\u00bb{}\u00bb]<\/p>\n<h4>Para pasajeros de cruceros<\/h4>\n<p>Descubra la regi\u00f3n de forma privilegiada desde su puerto de llegada: <strong>M\u00f3naco<\/strong>, <strong>Villefranche-sur-mer,<\/strong> <strong>Niza<\/strong>, <strong>Cannes<\/strong> o <strong>Antibes<\/strong>.<\/p>\n<p>Tambi\u00e9n operamos desde yates privados en puertos deportivos de la zona.<\/p>\n<p>Reserva tambi\u00e9n tu <strong>gu\u00eda<\/strong> y elige el idioma que m\u00e1s te convenga.<\/p>\n<p>[\/et_pb_text][\/et_pb_column][\/et_pb_row][\/et_pb_section][et_pb_section fb_built=\u00bb1&#8243; _builder_version=\u00bb4.23.1&#8243; _module_preset=\u00bbdefault\u00bb global_colors_info=\u00bb{}\u00bb][et_pb_row _builder_version=\u00bb4.23.1&#8243; _module_preset=\u00bbdefault\u00bb max_width=\u00bb100%\u00bb custom_padding=\u00bb0px||0px|||\u00bb global_colors_info=\u00bb{}\u00bb][et_pb_column type=\u00bb4_4&#8243; _builder_version=\u00bb4.23.1&#8243; _module_preset=\u00bbdefault\u00bb global_colors_info=\u00bb{}\u00bb][et_pb_button button_url=\u00bbhttps:\/\/riviera-minibus-service.com\/#contact\u00bb button_text=\u00bbCont\u00e1ctenos \u00bb button_alignment=\u00bbcenter\u00bb _builder_version=\u00bb4.23.1&#8243; _module_preset=\u00bbdefault\u00bb custom_button=\u00bbon\u00bb button_text_color=\u00bb#003c61&#8243; background_layout=\u00bbdark\u00bb global_colors_info=\u00bb{}\u00bb][\/et_pb_button][\/et_pb_column][\/et_pb_row][\/et_pb_section][et_pb_section fb_built=\u00bb1&#8243; _builder_version=\u00bb4.23.1&#8243; _module_preset=\u00bbdefault\u00bb global_colors_info=\u00bb{}\u00bb][et_pb_row _builder_version=\u00bb4.23.1&#8243; _module_preset=\u00bbdefault\u00bb global_colors_info=\u00bb{}\u00bb][et_pb_column type=\u00bb4_4&#8243; _builder_version=\u00bb4.23.1&#8243; _module_preset=\u00bbdefault\u00bb global_colors_info=\u00bb{}\u00bb][\/et_pb_column][\/et_pb_row][\/et_pb_section]<\/p>\n","protected":false},"excerpt":{"rendered":"<p>Minib\u00fas Mercedes Sprinter &#8211; 19 plazas \u00danico en la regi\u00f3n Ideal para tus eventos corporativos, congresos, incentivos y team building&#8230; \u00a1Pero tambi\u00e9n para familias numerosas, vuestras bodas y todos vuestros deseos de viaje! Podr\u00e1s elegir tener un gu\u00eda y seleccionar el idioma que m\u00e1s te convenga para descubrir la regi\u00f3n desde una nueva perspectiva. Podr\u00e1s [&hellip;]<\/p>\n","protected":false},"author":2,"featured_media":0,"parent":0,"menu_order":0,"comment_status":"closed","ping_status":"closed","template":"","meta":{"_acf_changed":false,"_et_pb_use_builder":"on","_et_pb_old_content":"","_et_gb_content_width":"","footnotes":""},"class_list":["post-2013","page","type-page","status-publish","hentry"],"acf":[],"yoast_head":"<!-- This site is optimized with the Yoast SEO plugin v23.8 - https:\/\/yoast.com\/wordpress\/plugins\/seo\/ -->\n<title>Minibus - Smartour Riviera<\/title>\n<meta name=\"robots\" content=\"index, follow, max-snippet:-1, max-image-preview:large, max-video-preview:-1\" \/>\n<link rel=\"canonical\" href=\"https:\/\/smartour-riviera.com\/es\/minibus\/\" \/>\n<meta property=\"og:locale\" content=\"es_ES\" \/>\n<meta property=\"og:type\" content=\"article\" \/>\n<meta property=\"og:title\" content=\"Minibus - Smartour Riviera\" \/>\n<meta property=\"og:description\" content=\"Minib\u00fas Mercedes Sprinter - 19 plazas \u00danico en la regi\u00f3n Ideal para tus eventos corporativos, congresos, incentivos y team building... \u00a1Pero tambi\u00e9n para familias numerosas, vuestras bodas y todos vuestros deseos de viaje! Podr\u00e1s elegir tener un gu\u00eda y seleccionar el idioma que m\u00e1s te convenga para descubrir la regi\u00f3n desde una nueva perspectiva. Podr\u00e1s [&hellip;]\" \/>\n<meta property=\"og:url\" content=\"https:\/\/smartour-riviera.com\/es\/minibus\/\" \/>\n<meta property=\"og:site_name\" content=\"Smartour Riviera\" \/>\n<meta property=\"article:modified_time\" content=\"2026-01-08T13:47:55+00:00\" \/>\n<meta property=\"og:image\" content=\"https:\/\/smartour-riviera.com\/wp-content\/uploads\/2024\/02\/siegecuir.png\" \/>\n\t<meta property=\"og:image:width\" content=\"258\" \/>\n\t<meta property=\"og:image:height\" content=\"258\" \/>\n\t<meta property=\"og:image:type\" content=\"image\/png\" \/>\n<meta name=\"twitter:card\" content=\"summary_large_image\" \/>\n<meta name=\"twitter:label1\" content=\"Tiempo de lectura\" \/>\n\t<meta name=\"twitter:data1\" content=\"4 minutos\" \/>\n<script type=\"application\/ld+json\" class=\"yoast-schema-graph\">{\"@context\":\"https:\/\/schema.org\",\"@graph\":[{\"@type\":\"WebPage\",\"@id\":\"https:\/\/smartour-riviera.com\/es\/minibus\/\",\"url\":\"https:\/\/smartour-riviera.com\/es\/minibus\/\",\"name\":\"Minibus - Smartour Riviera\",\"isPartOf\":{\"@id\":\"https:\/\/smartour-riviera.com\/#website\"},\"primaryImageOfPage\":{\"@id\":\"https:\/\/smartour-riviera.com\/es\/minibus\/#primaryimage\"},\"image\":{\"@id\":\"https:\/\/smartour-riviera.com\/es\/minibus\/#primaryimage\"},\"thumbnailUrl\":\"https:\/\/smartour-riviera.com\/wp-content\/uploads\/2024\/02\/siegecuir.png\",\"datePublished\":\"2024-03-05T18:20:51+00:00\",\"dateModified\":\"2026-01-08T13:47:55+00:00\",\"breadcrumb\":{\"@id\":\"https:\/\/smartour-riviera.com\/es\/minibus\/#breadcrumb\"},\"inLanguage\":\"es\",\"potentialAction\":[{\"@type\":\"ReadAction\",\"target\":[\"https:\/\/smartour-riviera.com\/es\/minibus\/\"]}]},{\"@type\":\"ImageObject\",\"inLanguage\":\"es\",\"@id\":\"https:\/\/smartour-riviera.com\/es\/minibus\/#primaryimage\",\"url\":\"https:\/\/smartour-riviera.com\/wp-content\/uploads\/2024\/02\/siegecuir.png\",\"contentUrl\":\"https:\/\/smartour-riviera.com\/wp-content\/uploads\/2024\/02\/siegecuir.png\"},{\"@type\":\"BreadcrumbList\",\"@id\":\"https:\/\/smartour-riviera.com\/es\/minibus\/#breadcrumb\",\"itemListElement\":[{\"@type\":\"ListItem\",\"position\":1,\"name\":\"Accueil\",\"item\":\"https:\/\/smartour-riviera.com\/es\/bienvenida\/\"},{\"@type\":\"ListItem\",\"position\":2,\"name\":\"Minibus\"}]},{\"@type\":\"WebSite\",\"@id\":\"https:\/\/smartour-riviera.com\/#website\",\"url\":\"https:\/\/smartour-riviera.com\/\",\"name\":\"Smartour Riviera\",\"description\":\"Smartour Riviera\",\"publisher\":{\"@id\":\"https:\/\/smartour-riviera.com\/#organization\"},\"potentialAction\":[{\"@type\":\"SearchAction\",\"target\":{\"@type\":\"EntryPoint\",\"urlTemplate\":\"https:\/\/smartour-riviera.com\/?s={search_term_string}\"},\"query-input\":{\"@type\":\"PropertyValueSpecification\",\"valueRequired\":true,\"valueName\":\"search_term_string\"}}],\"inLanguage\":\"es\"},{\"@type\":\"Organization\",\"@id\":\"https:\/\/smartour-riviera.com\/#organization\",\"name\":\"Smartour Riviera\",\"url\":\"https:\/\/smartour-riviera.com\/\",\"logo\":{\"@type\":\"ImageObject\",\"inLanguage\":\"es\",\"@id\":\"https:\/\/smartour-riviera.com\/#\/schema\/logo\/image\/\",\"url\":\"https:\/\/smartour-riviera.com\/wp-content\/uploads\/2024\/02\/logo-bleu.png\",\"contentUrl\":\"https:\/\/smartour-riviera.com\/wp-content\/uploads\/2024\/02\/logo-bleu.png\",\"width\":892,\"height\":251,\"caption\":\"Smartour Riviera\"},\"image\":{\"@id\":\"https:\/\/smartour-riviera.com\/#\/schema\/logo\/image\/\"}}]}<\/script>\n<!-- \/ Yoast SEO plugin. -->","yoast_head_json":{"title":"Minibus - Smartour Riviera","robots":{"index":"index","follow":"follow","max-snippet":"max-snippet:-1","max-image-preview":"max-image-preview:large","max-video-preview":"max-video-preview:-1"},"canonical":"https:\/\/smartour-riviera.com\/es\/minibus\/","og_locale":"es_ES","og_type":"article","og_title":"Minibus - Smartour Riviera","og_description":"Minib\u00fas Mercedes Sprinter - 19 plazas \u00danico en la regi\u00f3n Ideal para tus eventos corporativos, congresos, incentivos y team building... \u00a1Pero tambi\u00e9n para familias numerosas, vuestras bodas y todos vuestros deseos de viaje! Podr\u00e1s elegir tener un gu\u00eda y seleccionar el idioma que m\u00e1s te convenga para descubrir la regi\u00f3n desde una nueva perspectiva. Podr\u00e1s [&hellip;]","og_url":"https:\/\/smartour-riviera.com\/es\/minibus\/","og_site_name":"Smartour Riviera","article_modified_time":"2026-01-08T13:47:55+00:00","og_image":[{"width":258,"height":258,"url":"https:\/\/smartour-riviera.com\/wp-content\/uploads\/2024\/02\/siegecuir.png","type":"image\/png"}],"twitter_card":"summary_large_image","twitter_misc":{"Tiempo de lectura":"4 minutos"},"schema":{"@context":"https:\/\/schema.org","@graph":[{"@type":"WebPage","@id":"https:\/\/smartour-riviera.com\/es\/minibus\/","url":"https:\/\/smartour-riviera.com\/es\/minibus\/","name":"Minibus - Smartour Riviera","isPartOf":{"@id":"https:\/\/smartour-riviera.com\/#website"},"primaryImageOfPage":{"@id":"https:\/\/smartour-riviera.com\/es\/minibus\/#primaryimage"},"image":{"@id":"https:\/\/smartour-riviera.com\/es\/minibus\/#primaryimage"},"thumbnailUrl":"https:\/\/smartour-riviera.com\/wp-content\/uploads\/2024\/02\/siegecuir.png","datePublished":"2024-03-05T18:20:51+00:00","dateModified":"2026-01-08T13:47:55+00:00","breadcrumb":{"@id":"https:\/\/smartour-riviera.com\/es\/minibus\/#breadcrumb"},"inLanguage":"es","potentialAction":[{"@type":"ReadAction","target":["https:\/\/smartour-riviera.com\/es\/minibus\/"]}]},{"@type":"ImageObject","inLanguage":"es","@id":"https:\/\/smartour-riviera.com\/es\/minibus\/#primaryimage","url":"https:\/\/smartour-riviera.com\/wp-content\/uploads\/2024\/02\/siegecuir.png","contentUrl":"https:\/\/smartour-riviera.com\/wp-content\/uploads\/2024\/02\/siegecuir.png"},{"@type":"BreadcrumbList","@id":"https:\/\/smartour-riviera.com\/es\/minibus\/#breadcrumb","itemListElement":[{"@type":"ListItem","position":1,"name":"Accueil","item":"https:\/\/smartour-riviera.com\/es\/bienvenida\/"},{"@type":"ListItem","position":2,"name":"Minibus"}]},{"@type":"WebSite","@id":"https:\/\/smartour-riviera.com\/#website","url":"https:\/\/smartour-riviera.com\/","name":"Smartour Riviera","description":"Smartour Riviera","publisher":{"@id":"https:\/\/smartour-riviera.com\/#organization"},"potentialAction":[{"@type":"SearchAction","target":{"@type":"EntryPoint","urlTemplate":"https:\/\/smartour-riviera.com\/?s={search_term_string}"},"query-input":{"@type":"PropertyValueSpecification","valueRequired":true,"valueName":"search_term_string"}}],"inLanguage":"es"},{"@type":"Organization","@id":"https:\/\/smartour-riviera.com\/#organization","name":"Smartour Riviera","url":"https:\/\/smartour-riviera.com\/","logo":{"@type":"ImageObject","inLanguage":"es","@id":"https:\/\/smartour-riviera.com\/#\/schema\/logo\/image\/","url":"https:\/\/smartour-riviera.com\/wp-content\/uploads\/2024\/02\/logo-bleu.png","contentUrl":"https:\/\/smartour-riviera.com\/wp-content\/uploads\/2024\/02\/logo-bleu.png","width":892,"height":251,"caption":"Smartour Riviera"},"image":{"@id":"https:\/\/smartour-riviera.com\/#\/schema\/logo\/image\/"}}]}},"_links":{"self":[{"href":"https:\/\/smartour-riviera.com\/es\/wp-json\/wp\/v2\/pages\/2013","targetHints":{"allow":["GET"]}}],"collection":[{"href":"https:\/\/smartour-riviera.com\/es\/wp-json\/wp\/v2\/pages"}],"about":[{"href":"https:\/\/smartour-riviera.com\/es\/wp-json\/wp\/v2\/types\/page"}],"author":[{"embeddable":true,"href":"https:\/\/smartour-riviera.com\/es\/wp-json\/wp\/v2\/users\/2"}],"replies":[{"embeddable":true,"href":"https:\/\/smartour-riviera.com\/es\/wp-json\/wp\/v2\/comments?post=2013"}],"version-history":[{"count":4,"href":"https:\/\/smartour-riviera.com\/es\/wp-json\/wp\/v2\/pages\/2013\/revisions"}],"predecessor-version":[{"id":2463,"href":"https:\/\/smartour-riviera.com\/es\/wp-json\/wp\/v2\/pages\/2013\/revisions\/2463"}],"wp:attachment":[{"href":"https:\/\/smartour-riviera.com\/es\/wp-json\/wp\/v2\/media?parent=2013"}],"curies":[{"name":"wp","href":"https:\/\/api.w.org\/{rel}","templated":true}]}}