{"id":2007,"date":"2024-02-15T11:08:03","date_gmt":"2024-02-15T10:08:03","guid":{"rendered":"https:\/\/smartour-riviera.com\/bienvenida\/"},"modified":"2026-01-08T14:44:16","modified_gmt":"2026-01-08T13:44:16","slug":"bienvenida","status":"publish","type":"page","link":"https:\/\/smartour-riviera.com\/es\/","title":{"rendered":"Bienvenida"},"content":{"rendered":"<p>[et_pb_section fb_built=\u00bb1&#8243; admin_label=\u00bbSection\u00bb _builder_version=\u00bb4.23.1&#8243; _module_preset=\u00bbdefault\u00bb background_image=\u00bbhttps:\/\/smartour-riviera.com\/wp-content\/uploads\/2024\/02\/smartour-riviera-web.jpg\u00bb height=\u00bb42em\u00bb height_tablet=\u00bb22em\u00bb height_phone=\u00bb20em\u00bb height_last_edited=\u00bbon|phone\u00bb global_colors_info=\u00bb{}\u00bb][et_pb_row _builder_version=\u00bb4.23.1&#8243; _module_preset=\u00bbdefault\u00bb positioning=\u00bbabsolute\u00bb position_origin_a=\u00bbbottom_left\u00bb width=\u00bb100%\u00bb max_width=\u00bb100%\u00bb global_colors_info=\u00bb{}\u00bb][et_pb_column type=\u00bb4_4&#8243; _builder_version=\u00bb4.23.1&#8243; _module_preset=\u00bbdefault\u00bb global_colors_info=\u00bb{}\u00bb][et_pb_text admin_label=\u00bbTexte\u00bb _builder_version=\u00bb4.23.1&#8243; _module_preset=\u00bbdefault\u00bb header_2_font=\u00bb|800|||||||\u00bb header_2_text_color=\u00bb#FFFFFF\u00bb header_2_font_size=\u00bb4em\u00bb custom_margin=\u00bb||0em||false|false\u00bb custom_margin_tablet=\u00bb||0em||false|false\u00bb custom_margin_phone=\u00bb||-1em||false|false\u00bb custom_margin_last_edited=\u00bbon|desktop\u00bb custom_padding=\u00bb|||6em|false|false\u00bb custom_padding_tablet=\u00bb|||4em|false|false\u00bb custom_padding_phone=\u00bb|||3em|false|false\u00bb custom_padding_last_edited=\u00bbon|tablet\u00bb header_2_font_size_tablet=\u00bb3em\u00bb header_2_font_size_phone=\u00bb2em\u00bb header_2_font_size_last_edited=\u00bbon|phone\u00bb header_2_text_shadow_style=\u00bbpreset1&#8243; header_2_text_shadow_horizontal_length=\u00bb-0.01em\u00bb header_2_text_shadow_vertical_length=\u00bb0.01em\u00bb header_2_text_shadow_blur_strength=\u00bb0.35em\u00bb header_2_text_shadow_color=\u00bbrgba(0,0,0,0.79)\u00bb global_colors_info=\u00bb{}\u00bb]<\/p>\n<h2>Viajar con estilo<\/h2>\n<p>[\/et_pb_text][\/et_pb_column][\/et_pb_row][\/et_pb_section][et_pb_section fb_built=\u00bb1&#8243; admin_label=\u00bbSection\u00bb _builder_version=\u00bb4.23.1&#8243; _module_preset=\u00bbdefault\u00bb custom_padding=\u00bb2em||2em||true|false\u00bb global_colors_info=\u00bb{}\u00bb][et_pb_row _builder_version=\u00bb4.23.1&#8243; _module_preset=\u00bbdefault\u00bb global_colors_info=\u00bb{}\u00bb][et_pb_column type=\u00bb4_4&#8243; _builder_version=\u00bb4.23.1&#8243; _module_preset=\u00bbdefault\u00bb global_colors_info=\u00bb{}\u00bb][et_pb_text admin_label=\u00bbTexte\u00bb _builder_version=\u00bb4.23.1&#8243; _module_preset=\u00bbdefault\u00bb text_font_size=\u00bb16px\u00bb header_2_font_size=\u00bb30px\u00bb header_2_line_height=\u00bb1.4em\u00bb hover_enabled=\u00bb0&#8243; global_colors_info=\u00bb{}\u00bb sticky_enabled=\u00bb0&#8243;]<\/p>\n<h2 data-start=\"210\" data-end=\"275\">Descubra y reserve nuestros tours privados en la Riviera Francesa<\/h2>\n<p data-start=\"277\" data-end=\"628\">El equipo de <strong data-start=\"286\" data-end=\"306\">Smartour Riviera <\/strong>ofrece excursiones privadas a medida para explorar l<strong data-start=\"324\" data-end=\"360\">a Riviera Francesa<\/strong> con estilo.<br data-start=\"412\" data-end=\"415\">Nuestros conductores-gu\u00edas experimentados y apasionados le llevar\u00e1n a rincones escondidos, vistas impresionantes y destinos inolvidables para una experiencia verdaderamente \u00fanica y personalizada.<\/p>\n<h3 data-start=\"635\" data-end=\"674\">Tours adaptados a tus preferencias<\/h3>\n<p data-start=\"675\" data-end=\"927\"> Ya sea un entusiasta del patrimonio arquitect\u00f3nico, un apasionado de la historia y la cultura o un gourmet en busca de sabores locales, su conductor-gu\u00eda podr\u00e1 crear el itinerario perfecto de acuerdo a sus intereses y expectativas.<\/p>\n<h3 data-start=\"1278\" data-end=\"1318\">Traslados privados y personalizados<\/h3>\n<p data-start=\"1319\" data-end=\"1615\">Adem\u00e1s de nuestros tours, ofrecemos traslados privados desde y hacia aeropuertos, estaciones de tren, puertos de cruceros y hoteles. Viaje con total tranquilidad, comodidad, puntualidad y discreci\u00f3n, ya sea para un traslado r\u00e1pido o para un d\u00eda completo explorando la regi\u00f3n.<\/p>\n<h3 data-start=\"1622\" data-end=\"1690\">Minib\u00fas de 19 plazas: comodidad y flexibilidad para sus grupos<\/h3>\n<p data-start=\"1691\" data-end=\"1836\">Para grupos m\u00e1s grandes, ofrecemos un minib\u00fas de 19 plazas, perfectamente adecuado para excursiones y traslados.<\/p>\n<ul>\n<li style=\"list-style-type: none;\">\n<ul data-start=\"1837\" data-end=\"2061\">\n<li data-start=\"1837\" data-end=\"1887\">\n<p data-start=\"1839\" data-end=\"1887\">Comodidad superior con asientos espaciosos<\/p>\n<\/li>\n<li data-start=\"1888\" data-end=\"1931\">\n<p data-start=\"1890\" data-end=\"1931\"><strong data-start=\"1890\" data-end=\"1929\">Climatizaci\u00f3n y seguridad \u00f3ptimas<\/strong><\/p>\n<\/li>\n<li data-start=\"1932\" data-end=\"2004\">\n<p data-start=\"1934\" data-end=\"2004\"><strong data-start=\"1934\" data-end=\"2002\">Ideal para familias, grupos de amigos o eventos empresariales.<\/strong><\/p>\n<\/li>\n<li data-start=\"2005\" data-end=\"2061\">\n<p data-start=\"2007\" data-end=\"2061\"><strong data-start=\"2007\" data-end=\"2059\">F\u00e1cil acceso a sitios tur\u00edsticos y vistas panor\u00e1micas.<\/strong><\/p>\n<\/li>\n<\/ul>\n<\/li>\n<\/ul>\n<p>[\/et_pb_text][\/et_pb_column][\/et_pb_row][et_pb_row _builder_version=\u00bb4.23.1&#8243; _module_preset=\u00bbdefault\u00bb max_width=\u00bb100%\u00bb custom_padding=\u00bb0px||0px|||\u00bb global_colors_info=\u00bb{}\u00bb][et_pb_column type=\u00bb4_4&#8243; _builder_version=\u00bb4.23.1&#8243; _module_preset=\u00bbdefault\u00bb global_colors_info=\u00bb{}\u00bb][et_pb_code _builder_version=\u00bb4.23.1&#8243; _module_preset=\u00bbdefault\u00bb global_colors_info=\u00bb{}\u00bb] <div class=\"listeDossiers\">\n\t\n\t<div class=\"dossier\">\n     <a href=\"\/es\/category\/tours-compartidos\/\">\n       <div class=\"divBackActu\" style=\"background-image: url('\/wp-content\/uploads\/2024\/03\/vue-riviera.jpg')\"><\/div>\n       <div class=\"divIntActu\">\n        <h3>Tours compartidos<\/h3>\n       <\/div>\n     <\/a>\n    <\/div>\n\t \n\t<div class=\"dossier\">\n     <a href=\"\/es\/tours-privados-y-traslados\/\">\n       <div class=\"divBackActu\" style=\"background-image: url('\/wp-content\/uploads\/2024\/03\/StPaulVence-1.jpg')\"><\/div>\n       <div class=\"divIntActu\">\n        <h3>Tours privados<\/h3>\n       <\/div>\n     <\/a>\n    <\/div>\n\t \n\t<div class=\"dossier\">\n     <a href=\"\/es\/tours-privados-y-traslados\/\">\n       <div class=\"divBackActu\" style=\"background-image: url('\/wp-content\/uploads\/2024\/03\/chateau-st-martin-2-750x500-1.jpg')\"><\/div>\n       <div class=\"divIntActu\">\n        <h3>Traslados<\/h3>\n       <\/div>\n     <\/a>\n    <\/div>\n        \n<\/div> [\/et_pb_code][\/et_pb_column][\/et_pb_row][\/et_pb_section][et_pb_section fb_built=\u00bb1&#8243; _builder_version=\u00bb4.23.1&#8243; _module_preset=\u00bbdefault\u00bb custom_padding=\u00bb0em||5em||false|false\u00bb global_colors_info=\u00bb{}\u00bb][et_pb_row _builder_version=\u00bb4.23.1&#8243; _module_preset=\u00bbdefault\u00bb custom_padding=\u00bb2px|||||\u00bb global_colors_info=\u00bb{}\u00bb][et_pb_column type=\u00bb4_4&#8243; _builder_version=\u00bb4.23.1&#8243; _module_preset=\u00bbdefault\u00bb global_colors_info=\u00bb{}\u00bb][et_pb_text _builder_version=\u00bb4.23.1&#8243; _module_preset=\u00bbdefault\u00bb global_colors_info=\u00bb{}\u00bb]<\/p>\n<h2>Ponte los auriculares y descubre nuestra actividad en audio<\/h2>\n<p>[\/et_pb_text][\/et_pb_column][\/et_pb_row][et_pb_row _builder_version=\u00bb4.23.1&#8243; _module_preset=\u00bbdefault\u00bb max_width=\u00bb100%\u00bb custom_padding=\u00bb0px|||||\u00bb global_colors_info=\u00bb{}\u00bb][et_pb_column type=\u00bb4_4&#8243; _builder_version=\u00bb4.23.1&#8243; _module_preset=\u00bbdefault\u00bb global_colors_info=\u00bb{}\u00bb][et_pb_audio audio=\u00bbhttps:\/\/smartour-riviera.com\/wp-content\/uploads\/2024\/02\/SMARTOUR_fr_maj1.mp3&#8243; title=\u00bbSmartour Riviera\u00bb _builder_version=\u00bb4.23.1&#8243; _module_preset=\u00bbdefault\u00bb background_color=\u00bb#003c61&#8243; global_colors_info=\u00bb{}\u00bb][\/et_pb_audio][\/et_pb_column][\/et_pb_row][\/et_pb_section]<\/p>\n","protected":false},"excerpt":{"rendered":"<p>Viajar con estiloDescubra y reserve nuestros tours privados en la Riviera Francesa El equipo de Smartour Riviera ofrece excursiones privadas a medida para explorar la Riviera Francesa con estilo.Nuestros conductores-gu\u00edas experimentados y apasionados le llevar\u00e1n a rincones escondidos, vistas impresionantes y destinos inolvidables para una experiencia verdaderamente \u00fanica y personalizada. Tours adaptados a tus preferencias [&hellip;]<\/p>\n","protected":false},"author":2,"featured_media":0,"parent":0,"menu_order":0,"comment_status":"closed","ping_status":"closed","template":"","meta":{"_acf_changed":false,"_et_pb_use_builder":"on","_et_pb_old_content":"","_et_gb_content_width":"","footnotes":""},"class_list":["post-2007","page","type-page","status-publish","hentry"],"acf":[],"yoast_head":"<!-- This site is optimized with the Yoast SEO plugin v23.8 - https:\/\/yoast.com\/wordpress\/plugins\/seo\/ -->\n<title>Bienvenida - Smartour Riviera<\/title>\n<meta name=\"robots\" content=\"index, follow, max-snippet:-1, max-image-preview:large, max-video-preview:-1\" \/>\n<link rel=\"canonical\" href=\"https:\/\/smartour-riviera.com\/es\/bienvenida\/\" \/>\n<meta property=\"og:locale\" content=\"es_ES\" \/>\n<meta property=\"og:type\" content=\"article\" \/>\n<meta property=\"og:title\" content=\"Bienvenida - Smartour Riviera\" \/>\n<meta property=\"og:description\" content=\"Viajar con estiloDescubra y reserve nuestros tours privados en la Riviera Francesa El equipo de Smartour Riviera ofrece excursiones privadas a medida para explorar la Riviera Francesa con estilo.Nuestros conductores-gu\u00edas experimentados y apasionados le llevar\u00e1n a rincones escondidos, vistas impresionantes y destinos inolvidables para una experiencia verdaderamente \u00fanica y personalizada. Tours adaptados a tus preferencias [&hellip;]\" \/>\n<meta property=\"og:url\" content=\"https:\/\/smartour-riviera.com\/es\/bienvenida\/\" \/>\n<meta property=\"og:site_name\" content=\"Smartour Riviera\" \/>\n<meta property=\"article:modified_time\" content=\"2026-01-08T13:44:16+00:00\" \/>\n<meta name=\"twitter:card\" content=\"summary_large_image\" \/>\n<meta name=\"twitter:label1\" content=\"Tiempo de lectura\" \/>\n\t<meta name=\"twitter:data1\" content=\"3 minutos\" \/>\n<script type=\"application\/ld+json\" class=\"yoast-schema-graph\">{\"@context\":\"https:\/\/schema.org\",\"@graph\":[{\"@type\":\"WebPage\",\"@id\":\"https:\/\/smartour-riviera.com\/es\/bienvenida\/\",\"url\":\"https:\/\/smartour-riviera.com\/es\/bienvenida\/\",\"name\":\"Bienvenida - Smartour Riviera\",\"isPartOf\":{\"@id\":\"https:\/\/smartour-riviera.com\/#website\"},\"datePublished\":\"2024-02-15T10:08:03+00:00\",\"dateModified\":\"2026-01-08T13:44:16+00:00\",\"breadcrumb\":{\"@id\":\"https:\/\/smartour-riviera.com\/es\/bienvenida\/#breadcrumb\"},\"inLanguage\":\"es\",\"potentialAction\":[{\"@type\":\"ReadAction\",\"target\":[\"https:\/\/smartour-riviera.com\/es\/bienvenida\/\"]}]},{\"@type\":\"BreadcrumbList\",\"@id\":\"https:\/\/smartour-riviera.com\/es\/bienvenida\/#breadcrumb\",\"itemListElement\":[{\"@type\":\"ListItem\",\"position\":1,\"name\":\"Accueil\",\"item\":\"https:\/\/smartour-riviera.com\/es\/bienvenida\/\"},{\"@type\":\"ListItem\",\"position\":2,\"name\":\"Bienvenida\"}]},{\"@type\":\"WebSite\",\"@id\":\"https:\/\/smartour-riviera.com\/#website\",\"url\":\"https:\/\/smartour-riviera.com\/\",\"name\":\"Smartour Riviera\",\"description\":\"Smartour Riviera\",\"publisher\":{\"@id\":\"https:\/\/smartour-riviera.com\/#organization\"},\"potentialAction\":[{\"@type\":\"SearchAction\",\"target\":{\"@type\":\"EntryPoint\",\"urlTemplate\":\"https:\/\/smartour-riviera.com\/?s={search_term_string}\"},\"query-input\":{\"@type\":\"PropertyValueSpecification\",\"valueRequired\":true,\"valueName\":\"search_term_string\"}}],\"inLanguage\":\"es\"},{\"@type\":\"Organization\",\"@id\":\"https:\/\/smartour-riviera.com\/#organization\",\"name\":\"Smartour Riviera\",\"url\":\"https:\/\/smartour-riviera.com\/\",\"logo\":{\"@type\":\"ImageObject\",\"inLanguage\":\"es\",\"@id\":\"https:\/\/smartour-riviera.com\/#\/schema\/logo\/image\/\",\"url\":\"https:\/\/smartour-riviera.com\/wp-content\/uploads\/2024\/02\/logo-bleu.png\",\"contentUrl\":\"https:\/\/smartour-riviera.com\/wp-content\/uploads\/2024\/02\/logo-bleu.png\",\"width\":892,\"height\":251,\"caption\":\"Smartour Riviera\"},\"image\":{\"@id\":\"https:\/\/smartour-riviera.com\/#\/schema\/logo\/image\/\"}}]}<\/script>\n<!-- \/ Yoast SEO plugin. -->","yoast_head_json":{"title":"Bienvenida - Smartour Riviera","robots":{"index":"index","follow":"follow","max-snippet":"max-snippet:-1","max-image-preview":"max-image-preview:large","max-video-preview":"max-video-preview:-1"},"canonical":"https:\/\/smartour-riviera.com\/es\/bienvenida\/","og_locale":"es_ES","og_type":"article","og_title":"Bienvenida - Smartour Riviera","og_description":"Viajar con estiloDescubra y reserve nuestros tours privados en la Riviera Francesa El equipo de Smartour Riviera ofrece excursiones privadas a medida para explorar la Riviera Francesa con estilo.Nuestros conductores-gu\u00edas experimentados y apasionados le llevar\u00e1n a rincones escondidos, vistas impresionantes y destinos inolvidables para una experiencia verdaderamente \u00fanica y personalizada. Tours adaptados a tus preferencias [&hellip;]","og_url":"https:\/\/smartour-riviera.com\/es\/bienvenida\/","og_site_name":"Smartour Riviera","article_modified_time":"2026-01-08T13:44:16+00:00","twitter_card":"summary_large_image","twitter_misc":{"Tiempo de lectura":"3 minutos"},"schema":{"@context":"https:\/\/schema.org","@graph":[{"@type":"WebPage","@id":"https:\/\/smartour-riviera.com\/es\/bienvenida\/","url":"https:\/\/smartour-riviera.com\/es\/bienvenida\/","name":"Bienvenida - Smartour Riviera","isPartOf":{"@id":"https:\/\/smartour-riviera.com\/#website"},"datePublished":"2024-02-15T10:08:03+00:00","dateModified":"2026-01-08T13:44:16+00:00","breadcrumb":{"@id":"https:\/\/smartour-riviera.com\/es\/bienvenida\/#breadcrumb"},"inLanguage":"es","potentialAction":[{"@type":"ReadAction","target":["https:\/\/smartour-riviera.com\/es\/bienvenida\/"]}]},{"@type":"BreadcrumbList","@id":"https:\/\/smartour-riviera.com\/es\/bienvenida\/#breadcrumb","itemListElement":[{"@type":"ListItem","position":1,"name":"Accueil","item":"https:\/\/smartour-riviera.com\/es\/bienvenida\/"},{"@type":"ListItem","position":2,"name":"Bienvenida"}]},{"@type":"WebSite","@id":"https:\/\/smartour-riviera.com\/#website","url":"https:\/\/smartour-riviera.com\/","name":"Smartour Riviera","description":"Smartour Riviera","publisher":{"@id":"https:\/\/smartour-riviera.com\/#organization"},"potentialAction":[{"@type":"SearchAction","target":{"@type":"EntryPoint","urlTemplate":"https:\/\/smartour-riviera.com\/?s={search_term_string}"},"query-input":{"@type":"PropertyValueSpecification","valueRequired":true,"valueName":"search_term_string"}}],"inLanguage":"es"},{"@type":"Organization","@id":"https:\/\/smartour-riviera.com\/#organization","name":"Smartour Riviera","url":"https:\/\/smartour-riviera.com\/","logo":{"@type":"ImageObject","inLanguage":"es","@id":"https:\/\/smartour-riviera.com\/#\/schema\/logo\/image\/","url":"https:\/\/smartour-riviera.com\/wp-content\/uploads\/2024\/02\/logo-bleu.png","contentUrl":"https:\/\/smartour-riviera.com\/wp-content\/uploads\/2024\/02\/logo-bleu.png","width":892,"height":251,"caption":"Smartour Riviera"},"image":{"@id":"https:\/\/smartour-riviera.com\/#\/schema\/logo\/image\/"}}]}},"_links":{"self":[{"href":"https:\/\/smartour-riviera.com\/es\/wp-json\/wp\/v2\/pages\/2007","targetHints":{"allow":["GET"]}}],"collection":[{"href":"https:\/\/smartour-riviera.com\/es\/wp-json\/wp\/v2\/pages"}],"about":[{"href":"https:\/\/smartour-riviera.com\/es\/wp-json\/wp\/v2\/types\/page"}],"author":[{"embeddable":true,"href":"https:\/\/smartour-riviera.com\/es\/wp-json\/wp\/v2\/users\/2"}],"replies":[{"embeddable":true,"href":"https:\/\/smartour-riviera.com\/es\/wp-json\/wp\/v2\/comments?post=2007"}],"version-history":[{"count":4,"href":"https:\/\/smartour-riviera.com\/es\/wp-json\/wp\/v2\/pages\/2007\/revisions"}],"predecessor-version":[{"id":2455,"href":"https:\/\/smartour-riviera.com\/es\/wp-json\/wp\/v2\/pages\/2007\/revisions\/2455"}],"wp:attachment":[{"href":"https:\/\/smartour-riviera.com\/es\/wp-json\/wp\/v2\/media?parent=2007"}],"curies":[{"name":"wp","href":"https:\/\/api.w.org\/{rel}","templated":true}]}}